{"id":337,"date":"2026-01-13T23:55:03","date_gmt":"2026-01-13T22:55:03","guid":{"rendered":"https:\/\/tsbjarville.com\/?page_id=337"},"modified":"2026-01-14T02:35:19","modified_gmt":"2026-01-14T01:35:19","slug":"nos-stages","status":"publish","type":"page","link":"https:\/\/tsbjarville.com\/index.php\/nos-stages\/","title":{"rendered":"Nos Stages"},"content":{"rendered":"\t\t<div data-elementor-type=\"wp-page\" data-elementor-id=\"337\" class=\"elementor elementor-337\">\n\t\t\t\t<div class=\"elementor-element elementor-element-86f7f29 e-flex e-con-boxed e-con e-parent\" data-id=\"86f7f29\" data-element_type=\"container\" data-e-type=\"container\">\n\t\t\t\t\t<div class=\"e-con-inner\">\n\t\t\t\t<div class=\"elementor-element elementor-element-729fa24 elementor-widget elementor-widget-heading\" data-id=\"729fa24\" data-element_type=\"widget\" data-e-type=\"widget\" data-widget_type=\"heading.default\">\n\t\t\t\t\t<h2 class=\"elementor-heading-title elementor-size-default\">Nos stages de <br>Tennis, Squash, Badminton, Padel et Multisports<\/h2>\t\t\t\t<\/div>\n\t\t\t\t\t<\/div>\n\t\t\t\t<\/div>\n\t\t<div class=\"elementor-element elementor-element-d454117 e-flex e-con-boxed e-con e-parent\" data-id=\"d454117\" data-element_type=\"container\" data-e-type=\"container\">\n\t\t\t\t\t<div class=\"e-con-inner\">\n\t\t\t\t<div class=\"elementor-element elementor-element-aaa0d7d elementor-widget elementor-widget-text-editor\" data-id=\"aaa0d7d\" data-element_type=\"widget\" data-e-type=\"widget\" data-widget_type=\"text-editor.default\">\n\t\t\t\t\t\t\t\t\t<p>Du loisir \u00e0 la comp\u00e9tition, nos stages sont ouverts \u00e0 tous, licenci\u00e9s ou non, et nous proposons de multiples formules \u00e0 chaque p\u00e9riode de vacances scolaires. Nos stages sont encadr\u00e9s par des enseignants dipl\u00f4m\u00e9s.\u00a0<\/p>\t\t\t\t\t\t\t\t<\/div>\n\t\t\t\t\t<\/div>\n\t\t\t\t<\/div>\n\t\t<div class=\"elementor-element elementor-element-9357a21 e-flex e-con-boxed e-con e-parent\" data-id=\"9357a21\" data-element_type=\"container\" data-e-type=\"container\">\n\t\t\t\t\t<div class=\"e-con-inner\">\n\t\t\t\t<div class=\"elementor-element elementor-element-5012e5e elementor-widget elementor-widget-heading\" data-id=\"5012e5e\" data-element_type=\"widget\" data-e-type=\"widget\" data-widget_type=\"heading.default\">\n\t\t\t\t\t<h2 class=\"elementor-heading-title elementor-size-default\">Nos stages enfants<\/h2>\t\t\t\t<\/div>\n\t\t\t\t\t<\/div>\n\t\t\t\t<\/div>\n\t\t<div class=\"elementor-element elementor-element-a5341e7 e-grid e-con-boxed e-con e-parent\" data-id=\"a5341e7\" data-element_type=\"container\" data-e-type=\"container\">\n\t\t\t\t\t<div class=\"e-con-inner\">\n\t\t\t\t<div class=\"elementor-element elementor-element-f784188 elementor-position-top elementor-widget elementor-widget-image-box\" data-id=\"f784188\" data-element_type=\"widget\" data-e-type=\"widget\" data-widget_type=\"image-box.default\">\n\t\t\t\t\t<div class=\"elementor-image-box-wrapper\"><figure class=\"elementor-image-box-img\"><a href=\"https:\/\/www.helloasso.com\/associations\/tsb-jarville\/evenements\/stages-tennis-jeunes-2026\" tabindex=\"-1\"><img fetchpriority=\"high\" decoding=\"async\" width=\"1024\" height=\"1536\" src=\"https:\/\/tsbjarville.com\/wp-content\/uploads\/2026\/01\/ChatGPT-Image-14-janv.-2026-02_15_17.png\" class=\"attachment-full size-full wp-image-367\" alt=\"\" srcset=\"https:\/\/tsbjarville.com\/wp-content\/uploads\/2026\/01\/ChatGPT-Image-14-janv.-2026-02_15_17.png 1024w, https:\/\/tsbjarville.com\/wp-content\/uploads\/2026\/01\/ChatGPT-Image-14-janv.-2026-02_15_17-200x300.png 200w, https:\/\/tsbjarville.com\/wp-content\/uploads\/2026\/01\/ChatGPT-Image-14-janv.-2026-02_15_17-683x1024.png 683w, https:\/\/tsbjarville.com\/wp-content\/uploads\/2026\/01\/ChatGPT-Image-14-janv.-2026-02_15_17-768x1152.png 768w\" sizes=\"(max-width: 1024px) 100vw, 1024px\" \/><\/a><\/figure><div class=\"elementor-image-box-content\"><h3 class=\"elementor-image-box-title\"><a href=\"https:\/\/www.helloasso.com\/associations\/tsb-jarville\/evenements\/stages-tennis-jeunes-2026\">Stages tennis<\/a><\/h3><p class=\"elementor-image-box-description\">A la journ\u00e9e ou demi journ\u00e9e, pour d\u00e9butants ou confirm\u00e9s, possibilit\u00e9 de panacher avec du multi activit\u00e9s<\/p><\/div><\/div>\t\t\t\t<\/div>\n\t\t\t\t<div class=\"elementor-element elementor-element-b49ebd2 elementor-position-top elementor-widget elementor-widget-image-box\" data-id=\"b49ebd2\" data-element_type=\"widget\" data-e-type=\"widget\" data-widget_type=\"image-box.default\">\n\t\t\t\t\t<div class=\"elementor-image-box-wrapper\"><figure class=\"elementor-image-box-img\"><a href=\"https:\/\/www.helloasso.com\/associations\/tsb-jarville\/evenements\/stages-squash-jeunes-2026\" tabindex=\"-1\"><img decoding=\"async\" width=\"1024\" height=\"1536\" src=\"https:\/\/tsbjarville.com\/wp-content\/uploads\/2026\/01\/ChatGPT-Image-14-janv.-2026-02_21_35.png\" class=\"attachment-full size-full wp-image-366\" alt=\"\" srcset=\"https:\/\/tsbjarville.com\/wp-content\/uploads\/2026\/01\/ChatGPT-Image-14-janv.-2026-02_21_35.png 1024w, https:\/\/tsbjarville.com\/wp-content\/uploads\/2026\/01\/ChatGPT-Image-14-janv.-2026-02_21_35-200x300.png 200w, https:\/\/tsbjarville.com\/wp-content\/uploads\/2026\/01\/ChatGPT-Image-14-janv.-2026-02_21_35-683x1024.png 683w, https:\/\/tsbjarville.com\/wp-content\/uploads\/2026\/01\/ChatGPT-Image-14-janv.-2026-02_21_35-768x1152.png 768w\" sizes=\"(max-width: 1024px) 100vw, 1024px\" \/><\/a><\/figure><div class=\"elementor-image-box-content\"><h3 class=\"elementor-image-box-title\"><a href=\"https:\/\/www.helloasso.com\/associations\/tsb-jarville\/evenements\/stages-squash-jeunes-2026\">Stages Squash<\/a><\/h3><p class=\"elementor-image-box-description\">A la journ\u00e9e ou demi journ\u00e9e, pour d\u00e9butants ou confirm\u00e9s, possibilit\u00e9 de panacher avec du multi activit\u00e9s<\/p><\/div><\/div>\t\t\t\t<\/div>\n\t\t\t\t<div class=\"elementor-element elementor-element-d5ac567 elementor-position-top elementor-widget elementor-widget-image-box\" data-id=\"d5ac567\" data-element_type=\"widget\" data-e-type=\"widget\" data-widget_type=\"image-box.default\">\n\t\t\t\t\t<div class=\"elementor-image-box-wrapper\"><figure class=\"elementor-image-box-img\"><a href=\"https:\/\/www.helloasso.com\/associations\/tsb-jarville\/evenements\/stages-badminton-jeunes-2026\" tabindex=\"-1\"><img decoding=\"async\" width=\"1024\" height=\"1536\" src=\"https:\/\/tsbjarville.com\/wp-content\/uploads\/2026\/01\/ChatGPT-Image-14-janv.-2026-02_27_28.png\" class=\"attachment-full size-full wp-image-365\" alt=\"\" srcset=\"https:\/\/tsbjarville.com\/wp-content\/uploads\/2026\/01\/ChatGPT-Image-14-janv.-2026-02_27_28.png 1024w, https:\/\/tsbjarville.com\/wp-content\/uploads\/2026\/01\/ChatGPT-Image-14-janv.-2026-02_27_28-200x300.png 200w, https:\/\/tsbjarville.com\/wp-content\/uploads\/2026\/01\/ChatGPT-Image-14-janv.-2026-02_27_28-683x1024.png 683w, https:\/\/tsbjarville.com\/wp-content\/uploads\/2026\/01\/ChatGPT-Image-14-janv.-2026-02_27_28-768x1152.png 768w\" sizes=\"(max-width: 1024px) 100vw, 1024px\" \/><\/a><\/figure><div class=\"elementor-image-box-content\"><h3 class=\"elementor-image-box-title\"><a href=\"https:\/\/www.helloasso.com\/associations\/tsb-jarville\/evenements\/stages-badminton-jeunes-2026\">Stages Badminton<\/a><\/h3><p class=\"elementor-image-box-description\">A la journ\u00e9e ou demi journ\u00e9e, pour d\u00e9butants ou confirm\u00e9s, possibilit\u00e9 de panacher avec du multi activit\u00e9s<\/p><\/div><\/div>\t\t\t\t<\/div>\n\t\t\t\t\t<\/div>\n\t\t\t\t<\/div>\n\t\t<div class=\"elementor-element elementor-element-7ba16c4 e-grid e-con-boxed e-con e-parent\" data-id=\"7ba16c4\" data-element_type=\"container\" data-e-type=\"container\">\n\t\t\t\t\t<div class=\"e-con-inner\">\n\t\t\t\t<div class=\"elementor-element elementor-element-f826505 elementor-position-top elementor-widget elementor-widget-image-box\" data-id=\"f826505\" data-element_type=\"widget\" data-e-type=\"widget\" data-widget_type=\"image-box.default\">\n\t\t\t\t\t<div class=\"elementor-image-box-wrapper\"><figure class=\"elementor-image-box-img\"><a href=\"https:\/\/www.helloasso.com\/associations\/tsb-jarville\/evenements\/stages-padel-jeunes-2026\" tabindex=\"-1\"><img loading=\"lazy\" decoding=\"async\" width=\"1024\" height=\"1536\" src=\"https:\/\/tsbjarville.com\/wp-content\/uploads\/2026\/01\/ChatGPT-Image-14-janv.-2026-02_29_12.png\" class=\"attachment-full size-full wp-image-364\" alt=\"\" srcset=\"https:\/\/tsbjarville.com\/wp-content\/uploads\/2026\/01\/ChatGPT-Image-14-janv.-2026-02_29_12.png 1024w, https:\/\/tsbjarville.com\/wp-content\/uploads\/2026\/01\/ChatGPT-Image-14-janv.-2026-02_29_12-200x300.png 200w, https:\/\/tsbjarville.com\/wp-content\/uploads\/2026\/01\/ChatGPT-Image-14-janv.-2026-02_29_12-683x1024.png 683w, https:\/\/tsbjarville.com\/wp-content\/uploads\/2026\/01\/ChatGPT-Image-14-janv.-2026-02_29_12-768x1152.png 768w\" sizes=\"(max-width: 1024px) 100vw, 1024px\" \/><\/a><\/figure><div class=\"elementor-image-box-content\"><h3 class=\"elementor-image-box-title\"><a href=\"https:\/\/www.helloasso.com\/associations\/tsb-jarville\/evenements\/stages-padel-jeunes-2026\">Stages Padel<\/a><\/h3><p class=\"elementor-image-box-description\">A la journ\u00e9e ou demi journ\u00e9e, pour d\u00e9butants ou confirm\u00e9s, possibilit\u00e9 de panacher avec du multi activit\u00e9s<\/p><\/div><\/div>\t\t\t\t<\/div>\n\t\t\t\t<div class=\"elementor-element elementor-element-f01d722 elementor-position-top elementor-widget elementor-widget-image-box\" data-id=\"f01d722\" data-element_type=\"widget\" data-e-type=\"widget\" data-widget_type=\"image-box.default\">\n\t\t\t\t\t<div class=\"elementor-image-box-wrapper\"><figure class=\"elementor-image-box-img\"><a href=\"https:\/\/www.helloasso.com\/associations\/tsb-jarville\/evenements\/stages-multi-sports-jeunes-2026\" tabindex=\"-1\"><img loading=\"lazy\" decoding=\"async\" width=\"1024\" height=\"1536\" src=\"https:\/\/tsbjarville.com\/wp-content\/uploads\/2026\/01\/ChatGPT-Image-14-janv.-2026-02_30_50.png\" class=\"attachment-full size-full wp-image-363\" alt=\"\" srcset=\"https:\/\/tsbjarville.com\/wp-content\/uploads\/2026\/01\/ChatGPT-Image-14-janv.-2026-02_30_50.png 1024w, https:\/\/tsbjarville.com\/wp-content\/uploads\/2026\/01\/ChatGPT-Image-14-janv.-2026-02_30_50-200x300.png 200w, https:\/\/tsbjarville.com\/wp-content\/uploads\/2026\/01\/ChatGPT-Image-14-janv.-2026-02_30_50-683x1024.png 683w, https:\/\/tsbjarville.com\/wp-content\/uploads\/2026\/01\/ChatGPT-Image-14-janv.-2026-02_30_50-768x1152.png 768w\" sizes=\"(max-width: 1024px) 100vw, 1024px\" \/><\/a><\/figure><div class=\"elementor-image-box-content\"><h3 class=\"elementor-image-box-title\"><a href=\"https:\/\/www.helloasso.com\/associations\/tsb-jarville\/evenements\/stages-multi-sports-jeunes-2026\">Stages Multi sports<\/a><\/h3><p class=\"elementor-image-box-description\">A la journ\u00e9e ou demi journ\u00e9e, une activit\u00e9 diff\u00e9rentes chaque demi journ\u00e9e<\/p><\/div><\/div>\t\t\t\t<\/div>\n\t\t\t\t<div class=\"elementor-element elementor-element-ca501a6 elementor-position-top elementor-widget elementor-widget-image-box\" data-id=\"ca501a6\" data-element_type=\"widget\" data-e-type=\"widget\" data-widget_type=\"image-box.default\">\n\t\t\t\t\t<div class=\"elementor-image-box-wrapper\"><figure class=\"elementor-image-box-img\"><a href=\"https:\/\/www.helloasso.com\/associations\/tsb-jarville\/evenements\/stages-4-6-ans-multi-sports-jeunes-2026\" tabindex=\"-1\"><img loading=\"lazy\" decoding=\"async\" width=\"1024\" height=\"1536\" src=\"https:\/\/tsbjarville.com\/wp-content\/uploads\/2026\/01\/ChatGPT-Image-14-janv.-2026-02_32_13.png\" class=\"attachment-full size-full wp-image-362\" alt=\"\" srcset=\"https:\/\/tsbjarville.com\/wp-content\/uploads\/2026\/01\/ChatGPT-Image-14-janv.-2026-02_32_13.png 1024w, https:\/\/tsbjarville.com\/wp-content\/uploads\/2026\/01\/ChatGPT-Image-14-janv.-2026-02_32_13-200x300.png 200w, https:\/\/tsbjarville.com\/wp-content\/uploads\/2026\/01\/ChatGPT-Image-14-janv.-2026-02_32_13-683x1024.png 683w, https:\/\/tsbjarville.com\/wp-content\/uploads\/2026\/01\/ChatGPT-Image-14-janv.-2026-02_32_13-768x1152.png 768w\" sizes=\"(max-width: 1024px) 100vw, 1024px\" \/><\/a><\/figure><div class=\"elementor-image-box-content\"><h3 class=\"elementor-image-box-title\"><a href=\"https:\/\/www.helloasso.com\/associations\/tsb-jarville\/evenements\/stages-4-6-ans-multi-sports-jeunes-2026\">Stages 4\/6 ans<\/a><\/h3><p class=\"elementor-image-box-description\">Des stages multi sports d\u00e9di\u00e9s aux plus jeunes, adapt\u00e9s \u00e0 leur rythme. A la journ\u00e9e ou demi journ\u00e9e. <\/p><\/div><\/div>\t\t\t\t<\/div>\n\t\t\t\t\t<\/div>\n\t\t\t\t<\/div>\n\t\t\t\t<\/div>\n\t\t","protected":false},"excerpt":{"rendered":"<p>Nos stages de Tennis, Squash, Badminton, Padel et Multisports Du loisir \u00e0 la comp\u00e9tition, nos stages sont ouverts \u00e0 tous, licenci\u00e9s ou non, et nous proposons de multiples formules \u00e0 [&hellip;]<\/p>\n","protected":false},"author":1,"featured_media":0,"parent":0,"menu_order":0,"comment_status":"closed","ping_status":"closed","template":"","meta":{"site-sidebar-layout":"no-sidebar","site-content-layout":"","ast-site-content-layout":"full-width-container","site-content-style":"default","site-sidebar-style":"default","ast-global-header-display":"","ast-banner-title-visibility":"","ast-main-header-display":"","ast-hfb-above-header-display":"","ast-hfb-below-header-display":"","ast-hfb-mobile-header-display":"","site-post-title":"","ast-breadcrumbs-content":"","ast-featured-img":"disabled","footer-sml-layout":"","ast-disable-related-posts":"","theme-transparent-header-meta":"","adv-header-id-meta":"","stick-header-meta":"","header-above-stick-meta":"","header-main-stick-meta":"","header-below-stick-meta":"","astra-migrate-meta-layouts":"default","ast-page-background-enabled":"default","ast-page-background-meta":{"desktop":{"background-color":"var(--ast-global-color-5)","background-image":"","background-repeat":"repeat","background-position":"center center","background-size":"auto","background-attachment":"scroll","background-type":"","background-media":"","overlay-type":"","overlay-color":"","overlay-opacity":"","overlay-gradient":""},"tablet":{"background-color":"","background-image":"","background-repeat":"repeat","background-position":"center center","background-size":"auto","background-attachment":"scroll","background-type":"","background-media":"","overlay-type":"","overlay-color":"","overlay-opacity":"","overlay-gradient":""},"mobile":{"background-color":"","background-image":"","background-repeat":"repeat","background-position":"center center","background-size":"auto","background-attachment":"scroll","background-type":"","background-media":"","overlay-type":"","overlay-color":"","overlay-opacity":"","overlay-gradient":""}},"ast-content-background-meta":{"desktop":{"background-color":"var(--ast-global-color-4)","background-image":"","background-repeat":"repeat","background-position":"center center","background-size":"auto","background-attachment":"scroll","background-type":"","background-media":"","overlay-type":"","overlay-color":"","overlay-opacity":"","overlay-gradient":""},"tablet":{"background-color":"var(--ast-global-color-4)","background-image":"","background-repeat":"repeat","background-position":"center center","background-size":"auto","background-attachment":"scroll","background-type":"","background-media":"","overlay-type":"","overlay-color":"","overlay-opacity":"","overlay-gradient":""},"mobile":{"background-color":"var(--ast-global-color-4)","background-image":"","background-repeat":"repeat","background-position":"center center","background-size":"auto","background-attachment":"scroll","background-type":"","background-media":"","overlay-type":"","overlay-color":"","overlay-opacity":"","overlay-gradient":""}},"footnotes":""},"class_list":["post-337","page","type-page","status-publish","hentry"],"_links":{"self":[{"href":"https:\/\/tsbjarville.com\/index.php\/wp-json\/wp\/v2\/pages\/337","targetHints":{"allow":["GET"]}}],"collection":[{"href":"https:\/\/tsbjarville.com\/index.php\/wp-json\/wp\/v2\/pages"}],"about":[{"href":"https:\/\/tsbjarville.com\/index.php\/wp-json\/wp\/v2\/types\/page"}],"author":[{"embeddable":true,"href":"https:\/\/tsbjarville.com\/index.php\/wp-json\/wp\/v2\/users\/1"}],"replies":[{"embeddable":true,"href":"https:\/\/tsbjarville.com\/index.php\/wp-json\/wp\/v2\/comments?post=337"}],"version-history":[{"count":25,"href":"https:\/\/tsbjarville.com\/index.php\/wp-json\/wp\/v2\/pages\/337\/revisions"}],"predecessor-version":[{"id":370,"href":"https:\/\/tsbjarville.com\/index.php\/wp-json\/wp\/v2\/pages\/337\/revisions\/370"}],"wp:attachment":[{"href":"https:\/\/tsbjarville.com\/index.php\/wp-json\/wp\/v2\/media?parent=337"}],"curies":[{"name":"wp","href":"https:\/\/api.w.org\/{rel}","templated":true}]}}